{"id":1173,"date":"2020-08-19T03:22:09","date_gmt":"2020-08-19T01:22:09","guid":{"rendered":"https:\/\/demo.ovatheme.com\/egovt\/?page_id=1173"},"modified":"2024-02-06T16:05:12","modified_gmt":"2024-02-06T15:05:12","slug":"faq","status":"publish","type":"page","link":"https:\/\/mairie-manigod.fr\/index.php\/faq\/","title":{"rendered":"FAQ"},"content":{"rendered":"\t\t<div data-elementor-type=\"wp-page\" data-elementor-id=\"1173\" class=\"elementor elementor-1173\">\n\t\t\t\t\t\t\t\t\t<section class=\"elementor-section elementor-top-section elementor-element elementor-element-118a773 elementor-section-boxed elementor-section-height-default elementor-section-height-default\" data-id=\"118a773\" data-element_type=\"section\">\n\t\t\t\t\t\t<div class=\"elementor-container elementor-column-gap-default\">\n\t\t\t\t\t<div class=\"elementor-column elementor-col-100 elementor-top-column elementor-element elementor-element-ea3de6f\" data-id=\"ea3de6f\" data-element_type=\"column\">\n\t\t\t<div class=\"elementor-widget-wrap elementor-element-populated\">\n\t\t\t\t\t\t\t\t<div class=\"elementor-element elementor-element-5cf5498 elementor-widget elementor-widget-ova_heading\" data-id=\"5cf5498\" data-element_type=\"widget\" data-widget_type=\"ova_heading.default\">\n\t\t\t\t<div class=\"elementor-widget-container\">\n\t\t\t\t\t<div class=\"ova-heading\">\n\t\t\t\n\t\t\t\t\t\t\t<h3 class=\"title second_font\">Questions fr\u00e9quemment pos\u00e9es<\/h3>\n\t\t\t\n\t\t\t\t\t\t\t<p class=\"sub-title \">Si vous ne trouvez pas la r\u00e9ponse ci-dessous, n'h\u00e9sitez pas \u00e0 contacter la mairie !<\/p>\n\t\t\t\n\t\t<\/div>\n\t\t\t\t<\/div>\n\t\t\t\t<\/div>\n\t\t\t\t\t<\/div>\n\t\t<\/div>\n\t\t\t\t\t\t\t<\/div>\n\t\t<\/section>\n\t\t\t\t<section class=\"elementor-section elementor-top-section elementor-element elementor-element-0282239 elementor-reverse-mobile elementor-section-boxed elementor-section-height-default elementor-section-height-default\" data-id=\"0282239\" data-element_type=\"section\">\n\t\t\t\t\t\t<div class=\"elementor-container elementor-column-gap-default\">\n\t\t\t\t\t<div class=\"elementor-column elementor-col-100 elementor-top-column elementor-element elementor-element-f6ee3e2\" data-id=\"f6ee3e2\" data-element_type=\"column\">\n\t\t\t<div class=\"elementor-widget-wrap elementor-element-populated\">\n\t\t\t\t\t\t\t\t<div class=\"elementor-element elementor-element-9007c04 ova_toggle_custom_egovt elementor-widget elementor-widget-toggle\" data-id=\"9007c04\" data-element_type=\"widget\" data-widget_type=\"toggle.default\">\n\t\t\t\t<div class=\"elementor-widget-container\">\n\t\t\t<style>\/*! elementor - v3.10.2 - 29-01-2023 *\/\n.elementor-toggle{text-align:left}.elementor-toggle .elementor-tab-title{font-weight:700;line-height:1;margin:0;padding:15px;border-bottom:1px solid #d4d4d4;cursor:pointer;outline:none}.elementor-toggle .elementor-tab-title .elementor-toggle-icon{display:inline-block;width:1em}.elementor-toggle .elementor-tab-title .elementor-toggle-icon svg{-webkit-margin-start:-5px;margin-inline-start:-5px;width:1em;height:1em}.elementor-toggle .elementor-tab-title .elementor-toggle-icon.elementor-toggle-icon-right{float:right;text-align:right}.elementor-toggle .elementor-tab-title .elementor-toggle-icon.elementor-toggle-icon-left{float:left;text-align:left}.elementor-toggle .elementor-tab-title .elementor-toggle-icon .elementor-toggle-icon-closed{display:block}.elementor-toggle .elementor-tab-title .elementor-toggle-icon .elementor-toggle-icon-opened{display:none}.elementor-toggle .elementor-tab-title.elementor-active{border-bottom:none}.elementor-toggle .elementor-tab-title.elementor-active .elementor-toggle-icon-closed{display:none}.elementor-toggle .elementor-tab-title.elementor-active .elementor-toggle-icon-opened{display:block}.elementor-toggle .elementor-tab-content{padding:15px;border-bottom:1px solid #d4d4d4;display:none}@media (max-width:767px){.elementor-toggle .elementor-tab-title{padding:12px}.elementor-toggle .elementor-tab-content{padding:12px 10px}}.e-con-inner>.elementor-widget-toggle,.e-con>.elementor-widget-toggle{width:var(--container-widget-width);--flex-grow:var(--container-widget-flex-grow)}<\/style>\t\t<div class=\"elementor-toggle\" role=\"tablist\">\n\t\t\t\t\t\t\t<div class=\"elementor-toggle-item\">\n\t\t\t\t\t<div id=\"elementor-tab-title-1511\" class=\"elementor-tab-title\" data-tab=\"1\" role=\"tab\" aria-controls=\"elementor-tab-content-1511\" aria-expanded=\"false\">\n\t\t\t\t\t\t\t\t\t\t\t\t<span class=\"elementor-toggle-icon elementor-toggle-icon-right\" aria-hidden=\"true\">\n\t\t\t\t\t\t\t\t\t\t\t\t\t\t\t<span class=\"elementor-toggle-icon-closed\"><i class=\"fas fa-chevron-down\"><\/i><\/span>\n\t\t\t\t\t\t\t\t<span class=\"elementor-toggle-icon-opened\"><i class=\"elementor-toggle-icon-opened fas fa-chevron-up\"><\/i><\/span>\n\t\t\t\t\t\t\t\t\t\t\t\t\t<\/span>\n\t\t\t\t\t\t\t\t\t\t\t\t<a href=\"\" class=\"elementor-toggle-title\">Je vais tr\u00e8s bient\u00f4t emm\u00e9nager \u00e0 Manigod, quelles d\u00e9marches dois-je effectuer ?<\/a>\n\t\t\t\t\t<\/div>\n\n\t\t\t\t\t<div id=\"elementor-tab-content-1511\" class=\"elementor-tab-content elementor-clearfix\" data-tab=\"1\" role=\"tabpanel\" aria-labelledby=\"elementor-tab-title-1511\"><p>Avant tout, toute l\u2019\u00e9quipe municipale vous souhaite la bienvenue !<br \/><br \/>En pr\u00e9vision de votre emm\u00e9nagement vous avez tr\u00e8s probablement d\u00e9j\u00e0 visit\u00e9 <a href=\"https:\/\/mairie-manigod.fr\/index.php\/a-propos-de-manigod\/\">notre Village,<\/a> sa Station et peut-\u00eatre m\u00eame ses <a href=\"https:\/\/mairie-manigod.fr\/index.php\/a-propos-de-manigod\/alpages-communaux\/\">alpages<\/a> et sa <a href=\"https:\/\/mairie-manigod.fr\/index.php\/a-propos-de-manigod\/foret-communale\/\">for\u00eat<\/a>.<br \/><br \/>Pour la partie un peu moins divertissante mais tout aussi importante que sont les formalit\u00e9s administratives nous vous avons regroup\u00e9 sur la page &#8220;<strong><a href=\"https:\/\/mairie-manigod.fr\/index.php\/nouveaux-arrivants\/\">Nouveaux Arrivants&#8221;<\/a> la liste des d\u00e9marches \u00e0 effectuer et les contacts n\u00e9cessaires<\/strong>.<\/p><p>Nous avons la chance de pouvoir compter \u00e0 Manigod sur une Vie Associative tr\u00e8s riche. <br \/>N&#8217;h\u00e9sitez pas \u00e0 consulter le r\u00e9pertoire des <strong><a href=\"https:\/\/mairie-manigod.fr\/index.php\/associations\/\">Associations de Manigod<\/a><\/strong> et \u00e0 entrer en contact avec elles !<\/p><\/div>\n\t\t\t\t<\/div>\n\t\t\t\t\t\t\t<div class=\"elementor-toggle-item\">\n\t\t\t\t\t<div id=\"elementor-tab-title-1512\" class=\"elementor-tab-title\" data-tab=\"2\" role=\"tab\" aria-controls=\"elementor-tab-content-1512\" aria-expanded=\"false\">\n\t\t\t\t\t\t\t\t\t\t\t\t<span class=\"elementor-toggle-icon elementor-toggle-icon-right\" aria-hidden=\"true\">\n\t\t\t\t\t\t\t\t\t\t\t\t\t\t\t<span class=\"elementor-toggle-icon-closed\"><i class=\"fas fa-chevron-down\"><\/i><\/span>\n\t\t\t\t\t\t\t\t<span class=\"elementor-toggle-icon-opened\"><i class=\"elementor-toggle-icon-opened fas fa-chevron-up\"><\/i><\/span>\n\t\t\t\t\t\t\t\t\t\t\t\t\t<\/span>\n\t\t\t\t\t\t\t\t\t\t\t\t<a href=\"\" class=\"elementor-toggle-title\">Quels services propose la Mairie pour les enfants ?<\/a>\n\t\t\t\t\t<\/div>\n\n\t\t\t\t\t<div id=\"elementor-tab-content-1512\" class=\"elementor-tab-content elementor-clearfix\" data-tab=\"2\" role=\"tabpanel\" aria-labelledby=\"elementor-tab-title-1512\"><p>Parce que le confort de vie dans un village passe aussi par la<strong> prise en charge des enfants<\/strong>, la commune de Manigod veille \u00e0 offrir \u00e0 ses r\u00e9sidents des services de qualit\u00e9.<br \/><br \/>Manigod compte une<strong> \u00e9cole \u00e9l\u00e9mentaire et primaire<\/strong> avec son <strong>restaurant scolaire<\/strong> et \u00e9galement des services de <strong>cr\u00e8che<\/strong>, <strong>p\u00e9riscolaire<\/strong> et <strong>centre de loisirs<\/strong> en partenariat avec l&#8217;association &#8220;La Farandole de Manigod&#8221;.<\/p><p>Vous pouvez retrouver tous ces services en d\u00e9tail en ligne sur la page <strong><a href=\"https:\/\/mairie-manigod.fr\/index.php\/services-communaux\/enfance\/\">&#8220;Enfance&#8221;<\/a><\/strong>.<\/p><\/div>\n\t\t\t\t<\/div>\n\t\t\t\t\t\t\t<div class=\"elementor-toggle-item\">\n\t\t\t\t\t<div id=\"elementor-tab-title-1513\" class=\"elementor-tab-title\" data-tab=\"3\" role=\"tab\" aria-controls=\"elementor-tab-content-1513\" aria-expanded=\"false\">\n\t\t\t\t\t\t\t\t\t\t\t\t<span class=\"elementor-toggle-icon elementor-toggle-icon-right\" aria-hidden=\"true\">\n\t\t\t\t\t\t\t\t\t\t\t\t\t\t\t<span class=\"elementor-toggle-icon-closed\"><i class=\"fas fa-chevron-down\"><\/i><\/span>\n\t\t\t\t\t\t\t\t<span class=\"elementor-toggle-icon-opened\"><i class=\"elementor-toggle-icon-opened fas fa-chevron-up\"><\/i><\/span>\n\t\t\t\t\t\t\t\t\t\t\t\t\t<\/span>\n\t\t\t\t\t\t\t\t\t\t\t\t<a href=\"\" class=\"elementor-toggle-title\">Je souhaiterai m'informer sur les d\u00e9cisions prises par le Conseil Municipal, comment faire ?<\/a>\n\t\t\t\t\t<\/div>\n\n\t\t\t\t\t<div id=\"elementor-tab-content-1513\" class=\"elementor-tab-content elementor-clearfix\" data-tab=\"3\" role=\"tabpanel\" aria-labelledby=\"elementor-tab-title-1513\"><p>Vous pouvez retrouver les derni\u00e8res d\u00e9lib\u00e9rations prises par le Conseil Municipal ainsi que les PV de s\u00e9ance adopt\u00e9s et les Arr\u00eat\u00e9s pris par Mr Le Maire en ligne sur la page <a href=\"https:\/\/mairie-manigod.fr\/index.php\/deliberations-arretes\/\">&#8220;D\u00e9lib\u00e9rations &amp; Arr\u00eat\u00e9s&#8221;<\/a>.<\/p><\/div>\n\t\t\t\t<\/div>\n\t\t\t\t\t\t\t<div class=\"elementor-toggle-item\">\n\t\t\t\t\t<div id=\"elementor-tab-title-1514\" class=\"elementor-tab-title\" data-tab=\"4\" role=\"tab\" aria-controls=\"elementor-tab-content-1514\" aria-expanded=\"false\">\n\t\t\t\t\t\t\t\t\t\t\t\t<span class=\"elementor-toggle-icon elementor-toggle-icon-right\" aria-hidden=\"true\">\n\t\t\t\t\t\t\t\t\t\t\t\t\t\t\t<span class=\"elementor-toggle-icon-closed\"><i class=\"fas fa-chevron-down\"><\/i><\/span>\n\t\t\t\t\t\t\t\t<span class=\"elementor-toggle-icon-opened\"><i class=\"elementor-toggle-icon-opened fas fa-chevron-up\"><\/i><\/span>\n\t\t\t\t\t\t\t\t\t\t\t\t\t<\/span>\n\t\t\t\t\t\t\t\t\t\t\t\t<a href=\"\" class=\"elementor-toggle-title\">Je suis r\u00e9sident secondaire et je voudrais lire le 'M', comment faire ?<\/a>\n\t\t\t\t\t<\/div>\n\n\t\t\t\t\t<div id=\"elementor-tab-content-1514\" class=\"elementor-tab-content elementor-clearfix\" data-tab=\"4\" role=\"tabpanel\" aria-labelledby=\"elementor-tab-title-1514\"><p>N&#8217;h\u00e9sitez pas \u00e0 passer \u00e0 l&#8217;accueil de La Mairie lors de votre prochaine visite pour venir r\u00e9cup\u00e9rer en main propre un exemplaire du M !<\/p><p>Et si vous souhaitez faire un petit geste pour la plan\u00e8te, sachez que vous pouvez <strong>consulter le &#8216;M&#8217; en version num\u00e9rique (PDF) en ligne sur la page<a href=\"https:\/\/mairie-manigod.fr\/index.php\/a-propos-de-manigod\/magazine-municipal\/\"> &#8220;Magazine Municipal&#8221;<\/a><\/strong><\/p><\/div>\n\t\t\t\t<\/div>\n\t\t\t\t\t\t\t\t<\/div>\n\t\t\t\t<\/div>\n\t\t\t\t<\/div>\n\t\t\t\t\t<\/div>\n\t\t<\/div>\n\t\t\t\t\t\t\t<\/div>\n\t\t<\/section>\n\t\t\t\t\t\t\t<\/div>\n\t\t","protected":false},"excerpt":{"rendered":"<p>Questions fr\u00e9quemment pos\u00e9es Si vous ne trouvez pas la r\u00e9ponse ci-dessous, n&#8217;h\u00e9sitez pas \u00e0 contacter la mairie ! Je vais tr\u00e8s bient\u00f4t emm\u00e9nager \u00e0 Manigod, quelles d\u00e9marches dois-je effectuer ? Avant tout, toute l\u2019\u00e9quipe municipale vous souhaite la bienvenue ! En pr\u00e9vision de votre emm\u00e9nagement vous avez tr\u00e8s probablement d\u00e9j\u00e0 visit\u00e9 notre Village, sa Station [&hellip;]<\/p>\n","protected":false},"author":1,"featured_media":5857,"parent":0,"menu_order":0,"comment_status":"closed","ping_status":"closed","template":"","meta":{"footnotes":""},"class_list":["post-1173","page","type-page","status-publish","has-post-thumbnail","hentry"],"yoast_head":"<!-- This site is optimized with the Yoast SEO plugin v20.13 - https:\/\/yoast.com\/wordpress\/plugins\/seo\/ -->\n<title>FAQ - Mairie de Manigod<\/title>\n<meta name=\"description\" content=\"Retrouvez les r\u00e9ponses \u00e0 vos questions les plus couramment pos\u00e9es \u00e0 l&#039;accueil de la Mairie dans la foire aux questions !\" \/>\n<meta name=\"robots\" content=\"index, follow, max-snippet:-1, max-image-preview:large, max-video-preview:-1\" \/>\n<link rel=\"canonical\" href=\"https:\/\/mairie-manigod.fr\/index.php\/faq\/\" \/>\n<meta property=\"og:locale\" content=\"fr_FR\" \/>\n<meta property=\"og:type\" content=\"article\" \/>\n<meta property=\"og:title\" content=\"FAQ - Mairie de Manigod\" \/>\n<meta property=\"og:description\" content=\"Retrouvez les r\u00e9ponses \u00e0 vos questions les plus couramment pos\u00e9es \u00e0 l&#039;accueil de la Mairie dans la foire aux questions !\" \/>\n<meta property=\"og:url\" content=\"https:\/\/mairie-manigod.fr\/index.php\/faq\/\" \/>\n<meta property=\"og:site_name\" content=\"Mairie de Manigod\" \/>\n<meta property=\"article:modified_time\" content=\"2024-02-06T15:05:12+00:00\" \/>\n<meta property=\"og:image\" content=\"https:\/\/mairie-manigod.fr\/wp-content\/uploads\/2020\/11\/Header-Mairie-Manigod-1920x300-1.png\" \/>\n\t<meta property=\"og:image:width\" content=\"1920\" \/>\n\t<meta property=\"og:image:height\" content=\"300\" \/>\n\t<meta property=\"og:image:type\" content=\"image\/png\" \/>\n<meta name=\"twitter:card\" content=\"summary_large_image\" \/>\n<meta name=\"twitter:label1\" content=\"Dur\u00e9e de lecture estim\u00e9e\" \/>\n\t<meta name=\"twitter:data1\" content=\"2 minutes\" \/>\n<script type=\"application\/ld+json\" class=\"yoast-schema-graph\">{\"@context\":\"https:\/\/schema.org\",\"@graph\":[{\"@type\":\"WebPage\",\"@id\":\"https:\/\/mairie-manigod.fr\/index.php\/faq\/\",\"url\":\"https:\/\/mairie-manigod.fr\/index.php\/faq\/\",\"name\":\"FAQ - Mairie de Manigod\",\"isPartOf\":{\"@id\":\"https:\/\/mairie-manigod.fr\/#website\"},\"datePublished\":\"2020-08-19T01:22:09+00:00\",\"dateModified\":\"2024-02-06T15:05:12+00:00\",\"description\":\"Retrouvez les r\u00e9ponses \u00e0 vos questions les plus couramment pos\u00e9es \u00e0 l'accueil de la Mairie dans la foire aux questions !\",\"inLanguage\":\"fr-FR\",\"potentialAction\":[{\"@type\":\"ReadAction\",\"target\":[\"https:\/\/mairie-manigod.fr\/index.php\/faq\/\"]}]},{\"@type\":\"WebSite\",\"@id\":\"https:\/\/mairie-manigod.fr\/#website\",\"url\":\"https:\/\/mairie-manigod.fr\/\",\"name\":\"Mairie de Manigod\",\"description\":\"Site officiel de la Mairie de Manigod\",\"publisher\":{\"@id\":\"https:\/\/mairie-manigod.fr\/#organization\"},\"potentialAction\":[{\"@type\":\"SearchAction\",\"target\":{\"@type\":\"EntryPoint\",\"urlTemplate\":\"https:\/\/mairie-manigod.fr\/?s={search_term_string}\"},\"query-input\":\"required name=search_term_string\"}],\"inLanguage\":\"fr-FR\"},{\"@type\":\"Organization\",\"@id\":\"https:\/\/mairie-manigod.fr\/#organization\",\"name\":\"Mairie de Manigod\",\"url\":\"https:\/\/mairie-manigod.fr\/\",\"logo\":{\"@type\":\"ImageObject\",\"inLanguage\":\"fr-FR\",\"@id\":\"https:\/\/mairie-manigod.fr\/#\/schema\/logo\/image\/\",\"url\":\"https:\/\/mairie-manigod.fr\/wp-content\/uploads\/2020\/07\/7a01fa1aef2ad52e483cbec5e2883795a6877f38-2nb.png\",\"contentUrl\":\"https:\/\/mairie-manigod.fr\/wp-content\/uploads\/2020\/07\/7a01fa1aef2ad52e483cbec5e2883795a6877f38-2nb.png\",\"width\":1480,\"height\":419,\"caption\":\"Mairie de Manigod\"},\"image\":{\"@id\":\"https:\/\/mairie-manigod.fr\/#\/schema\/logo\/image\/\"}}]}<\/script>\n<!-- \/ Yoast SEO plugin. -->","yoast_head_json":{"title":"FAQ - Mairie de Manigod","description":"Retrouvez les r\u00e9ponses \u00e0 vos questions les plus couramment pos\u00e9es \u00e0 l'accueil de la Mairie dans la foire aux questions !","robots":{"index":"index","follow":"follow","max-snippet":"max-snippet:-1","max-image-preview":"max-image-preview:large","max-video-preview":"max-video-preview:-1"},"canonical":"https:\/\/mairie-manigod.fr\/index.php\/faq\/","og_locale":"fr_FR","og_type":"article","og_title":"FAQ - Mairie de Manigod","og_description":"Retrouvez les r\u00e9ponses \u00e0 vos questions les plus couramment pos\u00e9es \u00e0 l'accueil de la Mairie dans la foire aux questions !","og_url":"https:\/\/mairie-manigod.fr\/index.php\/faq\/","og_site_name":"Mairie de Manigod","article_modified_time":"2024-02-06T15:05:12+00:00","og_image":[{"width":1920,"height":300,"url":"https:\/\/mairie-manigod.fr\/wp-content\/uploads\/2020\/11\/Header-Mairie-Manigod-1920x300-1.png","type":"image\/png"}],"twitter_card":"summary_large_image","twitter_misc":{"Dur\u00e9e de lecture estim\u00e9e":"2 minutes"},"schema":{"@context":"https:\/\/schema.org","@graph":[{"@type":"WebPage","@id":"https:\/\/mairie-manigod.fr\/index.php\/faq\/","url":"https:\/\/mairie-manigod.fr\/index.php\/faq\/","name":"FAQ - Mairie de Manigod","isPartOf":{"@id":"https:\/\/mairie-manigod.fr\/#website"},"datePublished":"2020-08-19T01:22:09+00:00","dateModified":"2024-02-06T15:05:12+00:00","description":"Retrouvez les r\u00e9ponses \u00e0 vos questions les plus couramment pos\u00e9es \u00e0 l'accueil de la Mairie dans la foire aux questions !","inLanguage":"fr-FR","potentialAction":[{"@type":"ReadAction","target":["https:\/\/mairie-manigod.fr\/index.php\/faq\/"]}]},{"@type":"WebSite","@id":"https:\/\/mairie-manigod.fr\/#website","url":"https:\/\/mairie-manigod.fr\/","name":"Mairie de Manigod","description":"Site officiel de la Mairie de Manigod","publisher":{"@id":"https:\/\/mairie-manigod.fr\/#organization"},"potentialAction":[{"@type":"SearchAction","target":{"@type":"EntryPoint","urlTemplate":"https:\/\/mairie-manigod.fr\/?s={search_term_string}"},"query-input":"required name=search_term_string"}],"inLanguage":"fr-FR"},{"@type":"Organization","@id":"https:\/\/mairie-manigod.fr\/#organization","name":"Mairie de Manigod","url":"https:\/\/mairie-manigod.fr\/","logo":{"@type":"ImageObject","inLanguage":"fr-FR","@id":"https:\/\/mairie-manigod.fr\/#\/schema\/logo\/image\/","url":"https:\/\/mairie-manigod.fr\/wp-content\/uploads\/2020\/07\/7a01fa1aef2ad52e483cbec5e2883795a6877f38-2nb.png","contentUrl":"https:\/\/mairie-manigod.fr\/wp-content\/uploads\/2020\/07\/7a01fa1aef2ad52e483cbec5e2883795a6877f38-2nb.png","width":1480,"height":419,"caption":"Mairie de Manigod"},"image":{"@id":"https:\/\/mairie-manigod.fr\/#\/schema\/logo\/image\/"}}]}},"publishpress_future_action":{"enabled":false,"date":"1970-01-01 01:00:00","action":"","terms":[],"taxonomy":"","browser_timezone_offset":0},"_links":{"self":[{"href":"https:\/\/mairie-manigod.fr\/index.php\/wp-json\/wp\/v2\/pages\/1173","targetHints":{"allow":["GET"]}}],"collection":[{"href":"https:\/\/mairie-manigod.fr\/index.php\/wp-json\/wp\/v2\/pages"}],"about":[{"href":"https:\/\/mairie-manigod.fr\/index.php\/wp-json\/wp\/v2\/types\/page"}],"author":[{"embeddable":true,"href":"https:\/\/mairie-manigod.fr\/index.php\/wp-json\/wp\/v2\/users\/1"}],"replies":[{"embeddable":true,"href":"https:\/\/mairie-manigod.fr\/index.php\/wp-json\/wp\/v2\/comments?post=1173"}],"version-history":[{"count":10,"href":"https:\/\/mairie-manigod.fr\/index.php\/wp-json\/wp\/v2\/pages\/1173\/revisions"}],"predecessor-version":[{"id":9835,"href":"https:\/\/mairie-manigod.fr\/index.php\/wp-json\/wp\/v2\/pages\/1173\/revisions\/9835"}],"wp:featuredmedia":[{"embeddable":true,"href":"https:\/\/mairie-manigod.fr\/index.php\/wp-json\/wp\/v2\/media\/5857"}],"wp:attachment":[{"href":"https:\/\/mairie-manigod.fr\/index.php\/wp-json\/wp\/v2\/media?parent=1173"}],"curies":[{"name":"wp","href":"https:\/\/api.w.org\/{rel}","templated":true}]}}